{"id":15,"date":"2025-07-07T21:29:34","date_gmt":"2025-07-07T21:29:34","guid":{"rendered":"https:\/\/johannasjoberg.fi\/?page_id=15"},"modified":"2025-08-18T05:21:15","modified_gmt":"2025-08-18T05:21:15","slug":"start","status":"publish","type":"page","link":"https:\/\/johannasjoberg.fi\/fi\/","title":{"rendered":"Start"},"content":{"rendered":"<p>[et_pb_section fb_built=&#8221;1&#8243; _builder_version=&#8221;4.27.4&#8243; _module_preset=&#8221;default&#8221; background_image=&#8221;https:\/\/johannasjoberg.fi\/wp-content\/uploads\/2025\/08\/hearts_resized.jpg&#8221; custom_margin=&#8221;||||false|false&#8221; hover_enabled=&#8221;0&#8243; global_colors_info=&#8221;{}&#8221; sticky_enabled=&#8221;0&#8243; title_text=&#8221;hearts_resized&#8221;][et_pb_row _builder_version=&#8221;4.27.4&#8243; _module_preset=&#8221;default&#8221; hover_enabled=&#8221;0&#8243; global_colors_info=&#8221;{}&#8221; sticky_enabled=&#8221;0&#8243;][et_pb_column type=&#8221;4_4&#8243; _builder_version=&#8221;4.27.4&#8243; _module_preset=&#8221;default&#8221; global_colors_info=&#8221;{}&#8221;][et_pb_text _builder_version=&#8221;4.27.4&#8243; _module_preset=&#8221;default&#8221; text_text_color=&#8221;#FFFFFF&#8221; text_font_size=&#8221;22px&#8221; hover_enabled=&#8221;0&#8243; global_colors_info=&#8221;{}&#8221; sticky_enabled=&#8221;0&#8243;]<\/p>\n<p style=\"text-align: center;\"><span>Begravningstj\u00e4nst-<\/span><wbr \/><span>Hautauspalvelu Johanna Sj\u00f6berg Ab Oy<br \/><\/span><span>\u00e4r ett familjef\u00f6retag grundat \u00e5r 2020<\/span><\/p>\n<p>[\/et_pb_text][et_pb_text _builder_version=&#8221;4.27.4&#8243; _module_preset=&#8221;default&#8221; text_text_color=&#8221;#FFFFFF&#8221; hover_enabled=&#8221;0&#8243; global_colors_info=&#8221;{}&#8221; sticky_enabled=&#8221;0&#8243; text_font_size=&#8221;16px&#8221;]<\/p>\n<div style=\"text-align: center;\">Arkadiav\u00e4gen 5, 25700 Kimito<\/div>\n<div style=\"text-align: center;\">Tr\u00e4dg\u00e5rdsgatan 18 B 42, 20100 \u00c5bo<\/div>\n<div style=\"text-align: center;\"><a href=\"mailto:begravningstjanst.sjoberg@gmail.com\" target=\"_blank\" rel=\"noopener\">begravningstjanst.sjoberg@<wbr \/>gmail.com<\/a><span> <\/span><\/div>\n<p>[\/et_pb_text][et_pb_text _builder_version=&#8221;4.27.4&#8243; _module_preset=&#8221;default&#8221; text_text_color=&#8221;#FFFFFF&#8221; header_text_color=&#8221;#FFFFFF&#8221; text_font_size=&#8221;30px&#8221; hover_enabled=&#8221;0&#8243; sticky_enabled=&#8221;0&#8243; min_height=&#8221;55.8px&#8221;]<\/p>\n<p style=\"text-align: center;\">040 540 6174<\/p>\n<p>[\/et_pb_text][\/et_pb_column][\/et_pb_row][\/et_pb_section][et_pb_section fb_built=&#8221;1&#8243; _builder_version=&#8221;4.27.4&#8243; _module_preset=&#8221;default&#8221; custom_padding=&#8221;32px|||||&#8221; global_colors_info=&#8221;{}&#8221;][et_pb_row _builder_version=&#8221;4.27.4&#8243; _module_preset=&#8221;default&#8221; global_colors_info=&#8221;{}&#8221;][et_pb_column type=&#8221;4_4&#8243; _builder_version=&#8221;4.27.4&#8243; _module_preset=&#8221;default&#8221; global_colors_info=&#8221;{}&#8221;][et_pb_text _builder_version=&#8221;4.27.4&#8243; _module_preset=&#8221;default&#8221; global_colors_info=&#8221;{}&#8221;]<\/p>\n<div style=\"text-align: left;\">Bli inte ensam med Era tankar, k\u00e4nslor och fr\u00e5gor n\u00e4r en n\u00e4ra m\u00e4nniska till Er avlider. Ring eller skicka e-post.<\/div>\n<p>[\/et_pb_text][et_pb_text _builder_version=&#8221;4.27.4&#8243; _module_preset=&#8221;default&#8221; global_colors_info=&#8221;{}&#8221;]<\/p>\n<div style=\"text-align: left;\"><span>Johanna Sj\u00f6berg svarar i telefon dygnet runt.<\/span><\/div>\n<p>[\/et_pb_text][et_pb_text _builder_version=&#8221;4.27.4&#8243; _module_preset=&#8221;default&#8221; global_colors_info=&#8221;{}&#8221;]<\/p>\n<div style=\"text-align: left;\">\n<div class=\"gmail_attr\">Johanna Sj\u00f6berg kan handleda och st\u00f6da i alla praktiska fr\u00e5gor kring d\u00f6den.\u00a0<\/div>\n<div class=\"gmail_attr\">Om det sedan g\u00e4ller fr\u00e5gor om olika banker, f\u00f6rs\u00e4kringsbolag, f\u00f6rsamling, civilregister, olika myndigheter och v\u00e5rdinr\u00e4ttningar s\u00e5 f\u00e5r ni professionella svar p\u00e5 era fr\u00e5gor h\u00e4r.\u00a0<\/div>\n<\/div>\n<p>[\/et_pb_text][et_pb_text _builder_version=&#8221;4.27.4&#8243; _module_preset=&#8221;default&#8221; global_colors_info=&#8221;{}&#8221;]<\/p>\n<div style=\"text-align: left;\">\n<div class=\"gmail_attr\"><span>Med handen p\u00e5 hj\u00e4rtat kan jag s\u00e4ga att det b\u00e4sta \u00e4r att Vi tr\u00e4ffas, enligt Era krafter och Er tidtabell. Jag g\u00f6r \u00e4ven hembes\u00f6k. Vi \u00f6ppnar fr\u00e5gorna tillsammans och pratar i lugn och ro. Det ger ett inre lugn att f\u00e5 prata ut med n\u00e5gon som f\u00f6rst\u00e5r, lyssnar och kan hj\u00e4lpa direkt.\u00a0<\/span><\/div>\n<\/div>\n<p>[\/et_pb_text][et_pb_text _builder_version=&#8221;4.27.4&#8243; _module_preset=&#8221;default&#8221; global_colors_info=&#8221;{}&#8221;]<\/p>\n<div style=\"text-align: left;\">\n<div class=\"gmail_attr\">\n<div class=\"gmail_attr\">Planeringen av begravningen g\u00f6r vi tillsammans, utg\u00e5ende fr\u00e5n den avlidne, familjen och Era \u00f6nskem\u00e5l. Begravningen blir d\u00e5 individuell och respekterar den avlidne. Vi diskuterar alla alternativ tillsammans och Ni f\u00e5r ocks\u00e5 en kostnadsber\u00e4kning som h\u00e5ller m\u00e5tten. Kostanderna och olika \u00f6nskem\u00e5l g\u00e5r hand i hand.\u00a0<\/div>\n<\/div>\n<\/div>\n<p>[\/et_pb_text][et_pb_text _builder_version=&#8221;4.27.4&#8243; _module_preset=&#8221;default&#8221; global_colors_info=&#8221;{}&#8221;]<\/p>\n<div style=\"text-align: left;\">\n<div class=\"gmail_attr\">\n<div class=\"gmail_attr\">\n<div class=\"gmail_attr\">Jag \u00f6nskar att Ni k\u00e4nner att Ni naturligt kan kontakta mig \u00e4ven efter begravningen, fr\u00e5gorna \u00e4r m\u00e5nga och de tar inte slut vid begravningen.\u00a0<\/div>\n<div class=\"gmail_attr\">Jag finns som st\u00f6d f\u00f6r Er \u00e4ven d\u00e5<span>\u00a0<\/span><img decoding=\"async\" data-emoji=\"\u2764\ufe0f\" class=\"an1\" alt=\"\u2764\ufe0f\" aria-label=\"\u2764\ufe0f\" draggable=\"false\" src=\"https:\/\/fonts.gstatic.com\/s\/e\/notoemoji\/16.0\/2764_fe0f\/32.png\" loading=\"lazy\" width=\"15\" height=\"15\" \/><\/div>\n<\/div>\n<\/div>\n<\/div>\n<p>[\/et_pb_text][\/et_pb_column][\/et_pb_row][\/et_pb_section]<\/p>\n","protected":false},"excerpt":{"rendered":"<p>Begravningstj\u00e4nst-Hautauspalvelu Johanna Sj\u00f6berg Ab Oy\u00e4r ett familjef\u00f6retag grundat \u00e5r 2020Arkadiav\u00e4gen 5, 25700 Kimito Tr\u00e4dg\u00e5rdsgatan 18 B 42, 20100 \u00c5bo begravningstjanst.sjoberg@gmail.com 040 540 6174Bli inte ensam med Era tankar, k\u00e4nslor och fr\u00e5gor n\u00e4r en n\u00e4ra m\u00e4nniska till Er avlider. Ring eller skicka e-post.Johanna Sj\u00f6berg svarar i telefon dygnet runt. Johanna Sj\u00f6berg kan handleda och st\u00f6da i [&hellip;]<\/p>\n","protected":false},"author":1,"featured_media":0,"parent":0,"menu_order":0,"comment_status":"closed","ping_status":"closed","template":"","meta":{"_et_pb_use_builder":"on","_et_pb_old_content":"","_et_gb_content_width":"","footnotes":""},"class_list":["post-15","page","type-page","status-publish","hentry"],"_links":{"self":[{"href":"https:\/\/johannasjoberg.fi\/fi\/wp-json\/wp\/v2\/pages\/15","targetHints":{"allow":["GET"]}}],"collection":[{"href":"https:\/\/johannasjoberg.fi\/fi\/wp-json\/wp\/v2\/pages"}],"about":[{"href":"https:\/\/johannasjoberg.fi\/fi\/wp-json\/wp\/v2\/types\/page"}],"author":[{"embeddable":true,"href":"https:\/\/johannasjoberg.fi\/fi\/wp-json\/wp\/v2\/users\/1"}],"replies":[{"embeddable":true,"href":"https:\/\/johannasjoberg.fi\/fi\/wp-json\/wp\/v2\/comments?post=15"}],"version-history":[{"count":8,"href":"https:\/\/johannasjoberg.fi\/fi\/wp-json\/wp\/v2\/pages\/15\/revisions"}],"predecessor-version":[{"id":57,"href":"https:\/\/johannasjoberg.fi\/fi\/wp-json\/wp\/v2\/pages\/15\/revisions\/57"}],"wp:attachment":[{"href":"https:\/\/johannasjoberg.fi\/fi\/wp-json\/wp\/v2\/media?parent=15"}],"curies":[{"name":"wp","href":"https:\/\/api.w.org\/{rel}","templated":true}]}}